{"id":51,"date":"2014-05-28T10:19:19","date_gmt":"2014-05-28T09:19:19","guid":{"rendered":"http:\/\/www.roeloffopma.nl\/sites\/plaatselijkbelangworkum.nl\/?page_id=51"},"modified":"2024-03-06T19:33:45","modified_gmt":"2024-03-06T18:33:45","slug":"actualiteit-1","status":"publish","type":"page","link":"https:\/\/www.plaatselijkbelangworkum.nl\/?page_id=51","title":{"rendered":"Kwaliteitsimpuls &#038; Stadsvisie"},"content":{"rendered":"\n<p><strong>Om de Stadsvisie te downloaden, klik op onderstaande link:<\/strong><\/p>\n\n\n\n<div class=\"wp-block-file\"><a href=\"https:\/\/www.plaatselijkbelangworkum.nl\/wp-content\/uploads\/2024\/03\/Workum-stadvisie-2010-1-1.pdf\">Workum Stadvisie-2010-1-1<\/a><a href=\"https:\/\/www.plaatselijkbelangworkum.nl\/wp-content\/uploads\/2024\/03\/Workum-stadvisie-2010-1-1.pdf\" class=\"wp-block-file__button\" download>Download<\/a><\/div>\n\n\n\n<p><strong>Om de Kwaliteitsimpuls te downloaden, klik op onderstaande link: <\/strong><\/p>\n\n\n\n<div class=\"wp-block-file\"><a href=\"https:\/\/www.plaatselijkbelangworkum.nl\/wp-content\/uploads\/2024\/02\/674-00-402-Kwaliteitsimpuls-Workum-190117.pdf\">Kwaliteitsimpuls-Workum-19-01-18<\/a><a href=\"https:\/\/www.plaatselijkbelangworkum.nl\/wp-content\/uploads\/2024\/02\/674-00-402-Kwaliteitsimpuls-Workum-190117.pdf\" class=\"wp-block-file__button\" download>Download<\/a><\/div>\n\n\n<p>Hoe zijn de stadsvisie en de kwaliteitsimpuls tot stand gekomen?<\/p>\n<p>Plaatselijk Belang Workum wilde op een interactieve wijze samen met onze inwoners en ondernemers van Workum de nieuwe stadsvisie vormgeven. Hierin werden wij op een onafhankelijke en professionele manier ondersteund door bureau Noordpeil. Dit betekent, dat er een aantal participatieavonden werden georganiseerd met de inwoners en ondernemers wat uiteindelijk resulteert in d\u00e9 stadsvisie.<\/p>\n<p>Doelstelling<br \/>De nieuwe stadsvisie moet functioneren als een vernieuwd kompas voor de ontwikkelingen voor de komende 15-20 jaar. Waarin in hoofdlijnen aangegeven wordt welke richting de bewoners en ondernemers gezamenlijk in willen slaan. Het is van belang dat het voorzieningen niveau op peil blijft en het aantrekkelijk blijft om in Workum te wonen, te werken en te recre\u00ebren.<\/p>\n<p>Centrumvisie als uitwerking van de stadsvisie.<br \/>Plaatselijk Belang Workum heeft geconstateerd dat de Stadsvisie Workum inmiddels door de tijd is ingehaald en daarmee niet meer aansluit op de huidige ontwikkelingen. Wij vinden het belangrijk om een Centrumvisie als een gedetailleerde uitwerking van de stadsvisie vast te stellen. Daarbij vinden wij het van belang, om ook te kijken naar de grotere context, zoals de ontwikkeling van \u2018t Soal, het bedrijventerrein, de vernieuwing van het zwembad, de toekomst van de scholen, wooncentrum Nij Mari\u00ebnacker als belangrijke regionale zorgvoorziening en diverse woningbouwprojecten.<\/p>\n<p>De kwaliteiten van Workum<br \/>Het centrum van Workum barst van de kwaliteiten: historie, authenticiteit, ondernemerschap, watersport en een prachtige openbare ruimte. De historische structuren van het S\u00fad en het Noard zijn van oudsher het adres geweest van winkels en voorzieningen. De horeca en cultuur komen samen rond de Merk. Workum vervult daarmee in de S\u00fadwesthoek een belangrijke regionale functie.<\/p>\n<p>Er is volop ge\u00efnvesteerd in de kwaliteit van het centrum. Door het Masterplan zijn (overnachtende) watersporters veel dichter naar het centrum van de stad gehaald. Dit is onder andere gerealiseerd door het aanleggen van twee passantenhavens op de plek van de vroegere Klameare en bij de Stedsp\u00f4le. Ook de herinrichting van de Doltew\u00e2l past in dit rijtje. De Klameare en de bibliotheek hebben een nieuw onderkomen gekregen in het voormalige gemeentehuis.<\/p>\n<p>Centrum staat onder druk<br \/>Er lijkt zo op het oog niets aan de hand met het centrum van Workum, maar dat is slechts schijn. Aan de crisis is ook Workum niet ontkomen. Daarnaast vormt het gemak van internetwinkels een bedreiging voor veel winkeliers. De leegstand van winkelpanden aan het S\u00fad en Noard neemt steeds meer toe.<br \/>Bovendien heeft er de afgelopen jaren een aantal ontwikkelingen plaatsgevonden die van invloed zijn op de vitaliteit van het centrum, onder andere met de bouw van een supermarktcluster aan de Hearewei. De goede bereikbaarheid en het gemak van parkeren voor de deur, zorgt voor veel klandizie voor de supermarkten. Helaas trekt dit winkelend publiek (nog) niet massaal het centrum in. Het verbinden van het supermarktcluster en het centrum biedt een kans.<\/p>\n<p>Bedreigingen \u00e9n kansen<br \/>Het cluster aan de Hearewei is ook een aantrekkelijke plek voor andere ondernemers. De plek van de huidige bibliotheek is beschikbaar gekomen. En wat betekent dit voor andere functies aan het Noard en het S\u00fad? Kunnen het supermarktcluster, de nieuwe passantenhavens en het centrum beter met elkaar verbonden worden? Kan de Begine hierin een rol vervullen als \u2018verbinder\u2019?<\/p>\n<p>De visie moet in ons beeld ook ingaan op de kansen om de functie van Workum als trekpleister voor toeristen en recreanten te versterken. Zoals al aangegeven speelt Workum voor de lokale bevolking van de S\u00fadwesthoek een belangrijke functie. Het is dan ook van belang dat het voorzieningenniveau op peil blijft en het aantrekkelijk blijft om in deze mooie stad van S\u00fadwest Frysl\u00e2n te wonen, werken en te recre\u00ebren. Maar wat is daarvoor nodig? Zou Workum zich meer als een Giethoorn of Volendam moeten profileren? En op welke doelgroepen moeten de voorzieningen in het centrum zich richten? Het is van belang hier een gedragen en gezamenlijk beeld over te hebben.<br \/>Plan van aanpak<br \/>Wij stellen een proces voor, waarbij drie participatieavonden centraal staan. De eerste avond richt zich op de analyse van het gebied, de opgaven en de ontwikkelingen. In de avond die daarop volgt gaan we aan de slag met idee\u00ebn, oplossingen en ambities. Deze komen tijdens de laatste avond samen in een concept visie op het centrum. Wij beschouwen de visie als een kompas voor ontwikkelingen voor de komende 15-20 jaar. Het is geen gedetailleerde blauwdruk, maar het geeft in hoofdlijnen aan welke richting de bewoners en ondernemers gezamenlijk in willen slaan.<br \/>Daarbij is het onze ambitie om als Plaatselijk Belang zoveel mogelijk mensen te mobiliseren. Wij zien daar een belangrijke rol voor onszelf weggelegd. Via social media, krantenberichten, onze website en via ons netwerk willen we een zo goed mogelijke afspiegeling van de Workumers op de been brengen. Daarnaast zijn wij verantwoordelijk voor de praktische en organisatorische voorbereiding van de avonden. Door zoveel mogelijk zelf te doen, willen we proberen de kosten laag te houden. De volgende partijen ondersteunen ons initiatief: Gemeente S\u00fadwest-Frysl\u00e2n, Stichting DBF,Stichting promotie Workum, Ondernemingsvereniging Workum,Stichting Beeldenstad Workum, Stichting Stadsherstel Workum, Stichting de Hoekseize.<\/p>\n<p>Presentatie Idee\u00ebnavond Kwaliteitsimpuls 13 juni 2018 (Klik op onderstaande link om de presentatie te lezen)<\/p>\n<p><a href=\"http:\/\/www.plaatselijkbelangworkum.nl\/wp-content\/uploads\/2014\/05\/674-00-P606-Presentatie-13-juni-180613_72-dpi.pdf\">674 00 P606 Presentatie 13 juni 180613_72 dpi<\/a><\/p>","protected":false},"excerpt":{"rendered":"<p>Om de Stadsvisie te downloaden, klik op onderstaande link: Om de Kwaliteitsimpuls te downloaden, klik op onderstaande link: Hoe zijn de stadsvisie en de kwaliteitsimpuls tot stand gekomen? Plaatselijk Belang Workum wilde op een interactieve wijze samen met onze inwoners en ondernemers van Workum de nieuwe stadsvisie vormgeven. Hierin werden wij op een onafhankelijke en [&hellip;]<\/p>\n","protected":false},"author":1,"featured_media":0,"parent":5,"menu_order":0,"comment_status":"open","ping_status":"open","template":"","meta":{"footnotes":""},"class_list":["post-51","page","type-page","status-publish","hentry"],"_links":{"self":[{"href":"https:\/\/www.plaatselijkbelangworkum.nl\/index.php?rest_route=\/wp\/v2\/pages\/51","targetHints":{"allow":["GET"]}}],"collection":[{"href":"https:\/\/www.plaatselijkbelangworkum.nl\/index.php?rest_route=\/wp\/v2\/pages"}],"about":[{"href":"https:\/\/www.plaatselijkbelangworkum.nl\/index.php?rest_route=\/wp\/v2\/types\/page"}],"author":[{"embeddable":true,"href":"https:\/\/www.plaatselijkbelangworkum.nl\/index.php?rest_route=\/wp\/v2\/users\/1"}],"replies":[{"embeddable":true,"href":"https:\/\/www.plaatselijkbelangworkum.nl\/index.php?rest_route=%2Fwp%2Fv2%2Fcomments&post=51"}],"version-history":[{"count":34,"href":"https:\/\/www.plaatselijkbelangworkum.nl\/index.php?rest_route=\/wp\/v2\/pages\/51\/revisions"}],"predecessor-version":[{"id":907,"href":"https:\/\/www.plaatselijkbelangworkum.nl\/index.php?rest_route=\/wp\/v2\/pages\/51\/revisions\/907"}],"up":[{"embeddable":true,"href":"https:\/\/www.plaatselijkbelangworkum.nl\/index.php?rest_route=\/wp\/v2\/pages\/5"}],"wp:attachment":[{"href":"https:\/\/www.plaatselijkbelangworkum.nl\/index.php?rest_route=%2Fwp%2Fv2%2Fmedia&parent=51"}],"curies":[{"name":"wp","href":"https:\/\/api.w.org\/{rel}","templated":true}]}}